{"id":4207,"date":"2026-04-07T22:12:44","date_gmt":"2026-04-07T20:12:44","guid":{"rendered":"https:\/\/unehistoireamalakoff.org\/?page_id=4207"},"modified":"2026-04-07T22:35:31","modified_gmt":"2026-04-07T20:35:31","slug":"il-etait-une-fois-les-tampons","status":"publish","type":"page","link":"https:\/\/unehistoireamalakoff.org\/index.php\/il-etait-une-fois-les-tampons\/","title":{"rendered":"Il \u00e9tait une fois\u2026 les Tampons"},"content":{"rendered":"\n<p><em>Attrapez-les tous ! Une course aux tampons vous conduira dans toute la ville. Si vous arrivez \u00e0<\/em> <em>reconstituer les 5 images in\u00e9dites, des lots vous attendront et vous pourrez participer au tirage au<\/em> <em>sort pour le gros lot : des cartes Pok\u00e9mon en provenance directe du Japon.<\/em><\/p>\n\n\n\n<div data-wp-interactive=\"core\/file\" class=\"wp-block-file\"><object data-wp-bind--hidden=\"!state.hasPdfPreview\" hidden class=\"wp-block-file__embed\" data=\"https:\/\/unehistoireamalakoff.org\/wp-content\/uploads\/2026\/04\/plan-malakoff-1.pdf\" type=\"application\/pdf\" style=\"width:100%;height:600px\" aria-label=\"Contenu embarqu\u00e9 plan malakoff.\"><\/object><a id=\"wp-block-file--media-080e633e-2d5e-47c7-82e6-0459befaec6a\" href=\"https:\/\/unehistoireamalakoff.org\/wp-content\/uploads\/2026\/04\/plan-malakoff-1.pdf\">plan malakoff<\/a><a href=\"https:\/\/unehistoireamalakoff.org\/wp-content\/uploads\/2026\/04\/plan-malakoff-1.pdf\" class=\"wp-block-file__button wp-element-button\" download aria-describedby=\"wp-block-file--media-080e633e-2d5e-47c7-82e6-0459befaec6a\">T\u00e9l\u00e9charger<\/a><\/div>\n\n\n<ul class=\"wp-block-list is-layout-flex wp-container-core-list-is-layout-fe9cc265 wp-block-list-is-layout-flex\" style=\"\"><\/ul>\n\n\n\n<details class=\"wp-block-details is-layout-flow wp-block-details-is-layout-flow\"><summary>Liste des commer\u00e7ants:<\/summary>\n<p><em><strong>1 \u2022 ALICE AU PAYS DES MERVEILLES 1<\/strong><\/em><\/p>\n\n\n\n<p>La Tr\u00e9so &#8211; 11 Av. du Pr\u00e9sident Wilson 92240 Malakoff<\/p>\n\n\n\n<p class=\"has-text-color has-link-color wp-elements-6291c4b50b823d61124f84bd892c7779\" style=\"color:#a7cdfa\"><em><strong>2 \u2022 ALICE AU PAYS DES MERVEILLES 2<\/strong><\/em><\/p>\n\n\n\n<p>M\u00e9diath\u00e8que Pablo Neruda &#8211; 24 Rue B\u00e9ranger, 92240 Malakoff<\/p>\n\n\n\n<p class=\"has-text-color has-link-color wp-elements-211ce7e2ab14d6cf1c889ec7ff9ff7a8\" style=\"color:#a7cdfa\"><em><strong>3 \u2022 ALICE AU PAYS DES MERVEILLES 3<\/strong><\/em><\/p>\n\n\n\n<p>L&rsquo;Ilot Pages &#8211; 66 Av. Pierre Larousse, 92240 Malakoff<\/p>\n\n\n\n<p class=\"has-text-color has-link-color wp-elements-b5edd72e0054776d277d4ce81559c40e\" style=\"color:#a7cdfa\"><em><strong>4 \u2022 ALICE AU PAYS DES MERVEILLES 4<\/strong><\/em><\/p>\n\n\n\n<p>Unic Optic &#8211; 6 Pl. du 11 Novembre, 92240 Malakoff<\/p>\n\n\n\n<p class=\"has-text-color has-link-color wp-elements-5e62d868b8182487ccc8e62228e11c85\" style=\"color:#a7cdfa\"><em><strong>5 \u2022 ALICE AU PAYS DES MERVEILLES 5<\/strong><\/em><\/p>\n\n\n\n<p>Le Salon Larousse &#8211; 62 Av. Pierre Larousse, 92240 Malakoff<\/p>\n\n\n\n<hr class=\"wp-block-separator has-alpha-channel-opacity\"\/>\n\n\n\n<p class=\"has-text-color has-link-color wp-elements-28aa41893c350c1c2e2275d126a236c5\" style=\"color:#e8f6c4\"><em><strong>1 \u2022 PETER PAN 1<\/strong><\/em><\/p>\n\n\n\n<p>M\u00e9diath\u00e8que Pablo Neruda &#8211; 24 Rue B\u00e9ranger, 92240 Malakoff<\/p>\n\n\n\n<p class=\"has-text-color has-link-color wp-elements-13c1efb2058c3dd023d379d1730703ad\" style=\"color:#e8f6c4\"><em><strong>2 \u2022 PETER PAN 2<\/strong><\/em><\/p>\n\n\n\n<p>Maison de la vie associative &#8211; 26 Rue Victor Hugo, 92240 Malakoff<\/p>\n\n\n\n<p class=\"has-text-color has-link-color wp-elements-99108fd7008ab3518ea94c4ae7129629\" style=\"color:#e8f6c4\"><em><strong>3 \u2022 PETER PAN 3<\/strong><\/em><\/p>\n\n\n\n<p>Gamin &#8211; 6 Av. Jules Ferry, 92240 Malakoff<\/p>\n\n\n\n<p class=\"has-text-color has-link-color wp-elements-4bf4d5fd86ead8f596547da9cadae92c\" style=\"color:#e8f6c4\"><em><strong>4 \u2022 PETER PAN 4<\/strong><\/em><\/p>\n\n\n\n<p>Maurin Plomberie &#8211; 2 Av. du Pr\u00e9sident Wilson, 92240 Malakoff<\/p>\n\n\n\n<p class=\"has-text-color has-link-color wp-elements-8837c9a6b4094dd386223e5c6c586138\" style=\"color:#e8f6c4\"><em>5 \u2022 PETER PAN 5<\/em><\/p>\n\n\n\n<p>Mercerie crea zeina &#8211; 87 Bd Gabriel P\u00e9ri, 92240 Malakoff<\/p>\n\n\n\n<hr class=\"wp-block-separator has-alpha-channel-opacity\"\/>\n\n\n\n<p class=\"has-text-color has-link-color wp-elements-58b60642e7d5902cf869598426ca0cd5\" style=\"color:#49ee46\"><em><strong>1 \u2022 LE MAGICIEN D\u2019OZ 1<\/strong><\/em><\/p>\n\n\n\n<p>Maison Vimond &#8211; 60 Av. Pierre Larousse, 92240 Malakoff<\/p>\n\n\n\n<p class=\"has-text-color has-link-color wp-elements-4d82ca494eb0d6cb3181917e4754f2e8\" style=\"color:#49ee46\"><em><strong>2 \u2022 LE MAGICIEN D\u2019OZ 2<\/strong><\/em><\/p>\n\n\n\n<p>La Cabane De Fanette &#8211; 4 Rue B\u00e9ranger, 92240 Malakoff<\/p>\n\n\n\n<p class=\"has-text-color has-link-color wp-elements-c060c31832b0434fb8fcb4c360857f64\" style=\"color:#8bf744\"><em><strong>3 \u2022 LE MAGICIEN D\u2019OZ 3<\/strong><\/em><\/p>\n\n\n\n<p class=\"has-neutral-950-color has-text-color has-link-color wp-elements-af30bf5d59031f12f6564fd3b420efad\">L&rsquo;Herbe Rouge &#8211; 6 Pl. du 11 Novembre, 92240 Malakoff<\/p>\n\n\n\n<p class=\"has-text-color has-link-color wp-elements-be0467189476bbd054fad793b493bd16\" style=\"color:#49ee46\"><em><strong>4 \u2022 LE MAGICIEN D\u2019OZ 4<\/strong><\/em><\/p>\n\n\n\n<p>Carat Coffee &#8211; 63 Av. Pierre Larousse, 92240 Malakoff<\/p>\n\n\n\n<p class=\"has-text-color has-link-color wp-elements-5fc9d45bce3d42ded3f5e1d13332766c\" style=\"color:#49ee46\"><em><strong>5 \u2022 LE MAGICIEN D\u2019OZ 5<\/strong><\/em><\/p>\n\n\n\n<p>L&rsquo;Ilot Pages &#8211; 66 Av. Pierre Larousse, 92240 Malakoff<\/p>\n\n\n\n<hr class=\"wp-block-separator has-alpha-channel-opacity\"\/>\n\n\n\n<p class=\"has-text-color has-link-color wp-elements-21bf76684152070b15525d81821cdd3f\" style=\"color:#f48bf3\"><em>1 LA BELLE AU BOIS DORMANT 1<\/em><\/p>\n\n\n\n<p>Maison de la vie associative &#8211; 26 Rue Victor Hugo, 92240 Malakoff<\/p>\n\n\n\n<p class=\"has-text-color has-link-color wp-elements-a8c0c73bcac324e000c7c1f0260d2547\" style=\"color:#f48bf3\"><em>2 <\/em><em>LA BELLE AU BOIS DORMANT 2<\/em><\/p>\n\n\n\n<p>Maison Vimond &#8211; 60 Av. Pierre Larousse, 92240 Malakoff<\/p>\n\n\n\n<p class=\"has-text-color has-link-color wp-elements-78439a5c58ab3924c8cfc3a9900834f2\" style=\"color:#f48bf3\"><em>3 <\/em><em>LA BELLE AU BOIS DORMANT 3<\/em><\/p>\n\n\n\n<p>Atelier LIGNE 13 \/ Atelier LIGNE 31 &#8211; 13 Av. Jean Jaur\u00e8s, 92240 Malakoff<\/p>\n\n\n\n<p class=\"has-text-color has-link-color wp-elements-224c60fd1f01a29f92e3fc289c3a2e8d\" style=\"color:#f48bf3\"><em>4 <\/em><em>LA BELLE AU BOIS DORMANT 4<\/em><\/p>\n\n\n\n<p>Unic Optic &#8211; 6 Pl. du 11 Novembre, 92240 Malakoff<\/p>\n\n\n\n<p class=\"has-text-color has-link-color wp-elements-6244bfea32387608789c8485567cc3d8\" style=\"color:#f48bf3\"><em>5 LA BELLE AU BOIS DORMANT 5<\/em><\/p>\n\n\n\n<p>La Tr\u00e9so &#8211; 11 Av. du Pr\u00e9sident Wilson 92240 Malakoff<\/p>\n<\/details>\n\n\n\n<details class=\"wp-block-details is-layout-flow wp-block-details-is-layout-flow\"><summary>R\u00e9glement<\/summary>\n<p><strong>Attrapez-les tous !<\/strong>&nbsp;Une course aux tampons vous conduira dans toute la ville. Si vous arrivez \u00e0 reconstituer les 5 images in\u00e9dites, des lots vous attendront et vous pourrez participer au tirage au sort pour le gros lot : des cartes Pok\u00e9mon en provenance directe du Japon.<br>Ce jeu est&nbsp;<strong>ouvert \u00e0 toutes et \u00e0 tous<\/strong>.<\/p>\n\n\n\n<p><strong>Dates du concours<\/strong><br>Le concours se d\u00e9roule du&nbsp;<strong>3 au 19 avril<\/strong>.<\/p>\n\n\n\n<p><strong>1. Principe du jeu<\/strong><br>Chaque participant devra compl\u00e9ter&nbsp;<strong>cinq cartes diff\u00e9rentes<\/strong>.<br>Chaque carte doit \u00eatre r\u00e9alis\u00e9e \u00e0 l\u2019aide de&nbsp;<strong>cinq tampons distincts<\/strong>, chacun d\u2019une&nbsp;<strong>couleur diff\u00e9rente<\/strong>, afin de reconstituer une image dans un esprit de linogravure.<\/p>\n\n\n\n<p><strong>2. R\u00e8gles de r\u00e9alisation<\/strong><\/p>\n\n\n<ul class=\"wp-block-list is-layout-flex wp-container-core-list-is-layout-fe9cc265 wp-block-list-is-layout-flex\" style=\"\">\n<li>Les tampons doivent &ecirc;tre appliqu&eacute;s&nbsp;<strong>dans un ordre pr&eacute;cis<\/strong>.<\/li>\n\n\n\n<li>Chaque carte ne sera valid&eacute;e que si les&nbsp;<strong>cinq tampons sont correctement positionn&eacute;s et dans le bon ordre<\/strong>.<\/li>\n\n\n\n<li>Une carte incompl&egrave;te ou r&eacute;alis&eacute;e dans le d&eacute;sordre ne pourra pas &ecirc;tre comptabilis&eacute;e.<\/li>\n<\/ul>\n\n\n\n<p><strong>3. Th\u00e9matiques des cartes<\/strong><br>Les cinq cartes correspondent aux univers suivants :<\/p>\n\n\n<ul class=\"wp-block-list is-layout-flex wp-container-core-list-is-layout-fe9cc265 wp-block-list-is-layout-flex\" style=\"\">\n<li><em>Alice au pays des merveilles<\/em><\/li>\n\n\n\n<li><em>Peter Pan<\/em><\/li>\n\n\n\n<li><em>Le Magicien d&rsquo;Oz<\/em><\/li>\n\n\n\n<li><em>La Belle au bois dormant<\/em><\/li>\n\n\n\n<li>Une cinqui&egrave;me carte sp&eacute;ciale, dont les tampons sont&nbsp;<strong>exclusivement disponibles lors de nos &eacute;v&eacute;nements &ldquo;De l&rsquo;autre c&ocirc;t&eacute; du miroir&rdquo;<\/strong>\n<\/li>\n<\/ul>\n\n\n\n<p><strong>4. Conditions pour gagner<\/strong><br>Pour \u00eatre consid\u00e9r\u00e9 comme gagnant, le participant doit :<\/p>\n\n\n<ul class=\"wp-block-list is-layout-flex wp-container-core-list-is-layout-fe9cc265 wp-block-list-is-layout-flex\" style=\"\">\n<li>Avoir compl&eacute;t&eacute;&nbsp;<strong>les cinq cartes<\/strong>\n<\/li>\n\n\n\n<li>Avoir respect&eacute; les r&egrave;gles de composition et d&rsquo;ordre des tampons<\/li>\n<\/ul>\n\n\n\n<p><strong>5. R\u00e9compenses<\/strong><\/p>\n\n\n<ul class=\"wp-block-list is-layout-flex wp-container-core-list-is-layout-fe9cc265 wp-block-list-is-layout-flex\" style=\"\">\n<li>Chaque participant ayant valid&eacute; ses cinq cartes recevra un lot comprenant notamment :<ul class=\"wp-block-list is-layout-flex wp-container-core-list-is-layout-fe9cc265 wp-block-list-is-layout-flex\" style=\"\">\n<li>Des&nbsp;<strong>livres offerts par la librairie L&rsquo;&Icirc;le aux Pages<\/strong>\n<\/li>\n\n\n\n<li>Une s&eacute;lection de&nbsp;<strong>gourmandises japonaises<\/strong>\n<\/li>\n<\/ul>\n<\/li>\n\n\n\n<li>Tous les lots seront &agrave; r&eacute;cup&eacute;rer&nbsp;<strong>les 18 et 19 avril<\/strong>&nbsp;lors du&nbsp;<strong>week-end jeu<\/strong>&nbsp;qui se tiendra au&nbsp;<strong>Toboggan &agrave; Malakoff<\/strong>\n<\/li>\n\n\n\n<li>Un&nbsp;<strong>tirage au sort<\/strong>&nbsp;sera organis&eacute; parmi tous les gagnants pour remporter des&nbsp;<strong>cartes Pok&eacute;mon import&eacute;es du Japon<\/strong>\n<\/li>\n\n\n\n<li>Ce tirage au sort aura lieu le&nbsp;<strong>dimanche 19 avril &agrave; 16h<\/strong>, au&nbsp;<strong>Toboggan (Malakoff)<\/strong>\n<\/li>\n<\/ul>\n\n\n\n<p><strong>6. Acceptation du r\u00e8glement<\/strong><br>La participation \u00e0 la course au tampon implique l\u2019acceptation pleine et enti\u00e8re du pr\u00e9sent r\u00e8glement.<\/p>\n\n\n\n<p>Bonne chance \u00e0 toutes et \u00e0 tous, et amusez-vous bien !<\/p>\n<\/details>\n\n\n\n<div class=\"wp-block-media-text is-stacked-on-mobile\" style=\"grid-template-columns:42% auto\"><figure class=\"wp-block-media-text__media\"><img data-recalc-dims=\"1\" loading=\"lazy\" decoding=\"async\" width=\"768\" height=\"1024\" src=\"https:\/\/i0.wp.com\/unehistoireamalakoff.org\/wp-content\/uploads\/2026\/04\/IMG_4136-768x1024.jpg?resize=768%2C1024&#038;ssl=1\" alt=\"\" class=\"wp-image-4219 size-full\" srcset=\"https:\/\/i0.wp.com\/unehistoireamalakoff.org\/wp-content\/uploads\/2026\/04\/IMG_4136-scaled.jpg?resize=768%2C1024&amp;ssl=1 768w, https:\/\/i0.wp.com\/unehistoireamalakoff.org\/wp-content\/uploads\/2026\/04\/IMG_4136-scaled.jpg?resize=225%2C300&amp;ssl=1 225w, https:\/\/i0.wp.com\/unehistoireamalakoff.org\/wp-content\/uploads\/2026\/04\/IMG_4136-scaled.jpg?resize=1152%2C1536&amp;ssl=1 1152w, https:\/\/i0.wp.com\/unehistoireamalakoff.org\/wp-content\/uploads\/2026\/04\/IMG_4136-scaled.jpg?resize=1536%2C2048&amp;ssl=1 1536w, https:\/\/i0.wp.com\/unehistoireamalakoff.org\/wp-content\/uploads\/2026\/04\/IMG_4136-scaled.jpg?w=1920&amp;ssl=1 1920w\" sizes=\"auto, (max-width: 768px) 100vw, 768px\" \/><\/figure><div class=\"wp-block-media-text__content\">\n<p>Une Histoire \u00e0 Malakoff souhaite remercier chaleureusement Nathalie, g\u00e9rante de la librairie L\u2019\u00celot Page. Suite \u00e0 un d\u00e9g\u00e2t des eaux survenu en d\u00e9cembre, elle a malheureusement perdu une grande partie de ses livres. Malgr\u00e9 cela, elle a eu la g\u00e9n\u00e9rosit\u00e9 de nous offrir plus de 150 ouvrages devenus invendables, mais toujours en parfait \u00e9tat.<\/p>\n\n\n\n<p>Nous lui exprimons toute notre gratitude pour ce geste pr\u00e9cieux. Sans cette donation, ces livres auraient probablement \u00e9t\u00e9 jet\u00e9s, alors qu\u2019ils peuvent encore \u00eatre lus et partag\u00e9s.<\/p>\n<\/div><\/div>\n","protected":false},"excerpt":{"rendered":"<p>Attrapez-les tous ! Une course aux tampons vous conduira dans toute la ville. Si vous arrivez \u00e0 reconstituer les 5 images in\u00e9dites, des lots vous attendront et vous pourrez participer au tirage au sort pour le gros lot : des cartes Pok\u00e9mon en provenance directe du Japon. Une Histoire \u00e0 Malakoff souhaite remercier chaleureusement Nathalie, [&hellip;]<\/p>\n","protected":false},"author":1,"featured_media":0,"parent":0,"menu_order":0,"comment_status":"closed","ping_status":"closed","template":"","meta":{"footnotes":""},"class_list":["post-4207","page","type-page","status-publish","hentry"],"jetpack_sharing_enabled":true,"_links":{"self":[{"href":"https:\/\/unehistoireamalakoff.org\/index.php\/wp-json\/wp\/v2\/pages\/4207","targetHints":{"allow":["GET"]}}],"collection":[{"href":"https:\/\/unehistoireamalakoff.org\/index.php\/wp-json\/wp\/v2\/pages"}],"about":[{"href":"https:\/\/unehistoireamalakoff.org\/index.php\/wp-json\/wp\/v2\/types\/page"}],"author":[{"embeddable":true,"href":"https:\/\/unehistoireamalakoff.org\/index.php\/wp-json\/wp\/v2\/users\/1"}],"replies":[{"embeddable":true,"href":"https:\/\/unehistoireamalakoff.org\/index.php\/wp-json\/wp\/v2\/comments?post=4207"}],"version-history":[{"count":5,"href":"https:\/\/unehistoireamalakoff.org\/index.php\/wp-json\/wp\/v2\/pages\/4207\/revisions"}],"predecessor-version":[{"id":4222,"href":"https:\/\/unehistoireamalakoff.org\/index.php\/wp-json\/wp\/v2\/pages\/4207\/revisions\/4222"}],"wp:attachment":[{"href":"https:\/\/unehistoireamalakoff.org\/index.php\/wp-json\/wp\/v2\/media?parent=4207"}],"curies":[{"name":"wp","href":"https:\/\/api.w.org\/{rel}","templated":true}]}}